{"id":111,"date":"2014-04-25T16:00:25","date_gmt":"2014-04-25T15:00:25","guid":{"rendered":"http:\/\/leboutdumonde.info\/de\/?page_id=111"},"modified":"2024-07-29T13:35:05","modified_gmt":"2024-07-29T12:35:05","slug":"das-haus-pointe-saint-mathieu","status":"publish","type":"page","link":"http:\/\/leboutdumonde.info\/de\/das-haus-pointe-saint-mathieu","title":{"rendered":"Das Haus \u201cPointe Saint-Mathieu\u201d"},"content":{"rendered":"<h3><a href=\"http:\/\/leboutdumonde.info\/de\/wp-content\/uploads\/2024\/02\/MAISON-SAINT-MATHIEU-02.jpg\"><img loading=\"lazy\" decoding=\"async\" class=\"alignnone size-full wp-image-343\" src=\"http:\/\/leboutdumonde.info\/de\/wp-content\/uploads\/2024\/02\/MAISON-SAINT-MATHIEU-02.jpg\" alt=\"\" width=\"1280\" height=\"960\" srcset=\"http:\/\/leboutdumonde.info\/de\/wp-content\/uploads\/2024\/02\/MAISON-SAINT-MATHIEU-02.jpg 1280w, http:\/\/leboutdumonde.info\/de\/wp-content\/uploads\/2024\/02\/MAISON-SAINT-MATHIEU-02-300x225.jpg 300w, http:\/\/leboutdumonde.info\/de\/wp-content\/uploads\/2024\/02\/MAISON-SAINT-MATHIEU-02-1024x768.jpg 1024w, http:\/\/leboutdumonde.info\/de\/wp-content\/uploads\/2024\/02\/MAISON-SAINT-MATHIEU-02-768x576.jpg 768w, http:\/\/leboutdumonde.info\/de\/wp-content\/uploads\/2024\/02\/MAISON-SAINT-MATHIEU-02-100x75.jpg 100w, http:\/\/leboutdumonde.info\/de\/wp-content\/uploads\/2024\/02\/MAISON-SAINT-MATHIEU-02-150x113.jpg 150w, http:\/\/leboutdumonde.info\/de\/wp-content\/uploads\/2024\/02\/MAISON-SAINT-MATHIEU-02-200x150.jpg 200w, http:\/\/leboutdumonde.info\/de\/wp-content\/uploads\/2024\/02\/MAISON-SAINT-MATHIEU-02-450x338.jpg 450w, http:\/\/leboutdumonde.info\/de\/wp-content\/uploads\/2024\/02\/MAISON-SAINT-MATHIEU-02-600x450.jpg 600w, http:\/\/leboutdumonde.info\/de\/wp-content\/uploads\/2024\/02\/MAISON-SAINT-MATHIEU-02-900x675.jpg 900w, http:\/\/leboutdumonde.info\/de\/wp-content\/uploads\/2024\/02\/MAISON-SAINT-MATHIEU-02-160x120.jpg 160w\" sizes=\"(max-width: 1280px) 100vw, 1280px\" \/><\/a><\/h3>\n<p>3 Stern Haus f\u00fcr 4 Personen (60 m2).<\/p>\n<p>K\u00fcchenecke mit Mikrowelle,<br \/>\nSp\u00fclmaschine, und K\u00fchlschrank, Gefrier, induktionskochplatten,<br \/>\nVeranda Wohnzimmer mit Schlafsofa,<br \/>\nFernseher und DVD-Player.<br \/>\nRadio bluetooth<br \/>\nBadezimmer, Waschmaschine und Trockner.<br \/>\nDie Zimmer mit Dopellbet und zwei einzelbetten.<\/p>\n<p>* Nespressoautomat (Kapseln m\u00fcssen mitgebracht werden).<\/p>\n<p>* F\u00f6n<\/p>\n<p>* Von Babyausstattung (Kinderbett und Hochstuhl),<\/p>\n<p>Das Haus ist nicht f\u00fcr Menschen mit Behinderungen ausgestattet<\/p>\n\t\t\t\t\t\t<div class=\"gallery_box_single\">\n\t\t\t\t\t\t\t\t\t\t\t\t\t\t\t<div class=\"gallery gllr_grid\" data-gllr-columns=\"4\" data-gllr-border-width=\"10\">\n\t\t\t\t\t\t\t\t\t\t\t\t\t\t\t\t\t\t\t\t<div class=\"gllr_image_row\">\n\t\t\t\t\t\t\t\t\t\t\t\t\t\t\t\t\t\t\t\t\t<div class=\"gllr_image_block\">\n\t\t\t\t\t\t\t\t\t\t\t\t<p style=\"\n\t\t\t\t\t\t\t\t\t\t\t\twidth:170px;height:170px;\t\t\t\t\t\t\t\t\t\t\t\t\">\n\t\t\t\t\t\t\t\t\t\t\t\t\t\t\t\t\t\t\t\t\t\t\t\t\t\t\t\t<a data-fancybox=\"gallery_fancybox_342\" href=\"http:\/\/leboutdumonde.info\/de\/wp-content\/uploads\/2024\/02\/MAISON-SAINT-MATHIEU-02-1024x768.jpg\" title=\"\" >\n\t\t\t\t\t\t\t\t\t\t\t\t\t\t\t\t<img loading=\"lazy\" decoding=\"async\" width=\"150\" height=\"150\" style=\"width:150px; height:150px; border-width: 10px; border-color:#F1F1F1;border: 10px solid #F1F1F1\" alt=\"\" title=\"\" src=\"http:\/\/leboutdumonde.info\/de\/wp-content\/uploads\/2024\/02\/MAISON-SAINT-MATHIEU-02-150x150.jpg\" rel=\"http:\/\/leboutdumonde.info\/de\/wp-content\/uploads\/2024\/02\/MAISON-SAINT-MATHIEU-02.jpg\" \/>\t\t\t\t\t\t\t\t\t\t\t\t\t\t\t<\/a>\n\t\t\t\t\t\t\t\t\t\t\t\t\t\t\t\t\t\t\t\t\t\t\t\t\t\t<\/p>\n\t\t\t\t\t\t\t\t\t\t\t\t\t\t\t\t\t\t\t\t\t\t\t\t\t<div \n\t\t\t\t\t\t\t\t\t\t\t\t\tstyle=\"width:170px;\"\t\t\t\t\t\t\t\t\t\t\t\t\tclass=\"gllr_single_image_text gllr_single_image_text_under\">&nbsp;<\/div>\n\t\t\t\t\t\t\t\t\t\t\t\t\t\t\t\t\t\t\t\t\t\t\t<\/div><!-- .gllr_image_block -->\n\t\t\t\t\t\t\t\t\t\t\t\t\t\t\t\t\t\t\t\t\t<div class=\"gllr_image_block\">\n\t\t\t\t\t\t\t\t\t\t\t\t<p style=\"\n\t\t\t\t\t\t\t\t\t\t\t\twidth:170px;height:170px;\t\t\t\t\t\t\t\t\t\t\t\t\">\n\t\t\t\t\t\t\t\t\t\t\t\t\t\t\t\t\t\t\t\t\t\t\t\t\t\t\t\t<a data-fancybox=\"gallery_fancybox_342\" href=\"http:\/\/leboutdumonde.info\/de\/wp-content\/uploads\/2024\/02\/MAISON-SAINT-MATHIEU-PIECE-DE-VIE-03.jpg\" title=\"\" >\n\t\t\t\t\t\t\t\t\t\t\t\t\t\t\t\t<img loading=\"lazy\" decoding=\"async\" width=\"150\" height=\"150\" style=\"width:150px; height:150px; border-width: 10px; border-color:#F1F1F1;border: 10px solid #F1F1F1\" alt=\"\" title=\"\" src=\"http:\/\/leboutdumonde.info\/de\/wp-content\/uploads\/2024\/02\/MAISON-SAINT-MATHIEU-PIECE-DE-VIE-03-150x150.jpg\" rel=\"http:\/\/leboutdumonde.info\/de\/wp-content\/uploads\/2024\/02\/MAISON-SAINT-MATHIEU-PIECE-DE-VIE-03.jpg\" \/>\t\t\t\t\t\t\t\t\t\t\t\t\t\t\t<\/a>\n\t\t\t\t\t\t\t\t\t\t\t\t\t\t\t\t\t\t\t\t\t\t\t\t\t\t<\/p>\n\t\t\t\t\t\t\t\t\t\t\t\t\t\t\t\t\t\t\t\t\t\t\t\t\t<div \n\t\t\t\t\t\t\t\t\t\t\t\t\tstyle=\"width:170px;\"\t\t\t\t\t\t\t\t\t\t\t\t\tclass=\"gllr_single_image_text gllr_single_image_text_under\">&nbsp;<\/div>\n\t\t\t\t\t\t\t\t\t\t\t\t\t\t\t\t\t\t\t\t\t\t\t<\/div><!-- .gllr_image_block -->\n\t\t\t\t\t\t\t\t\t\t\t\t\t\t\t\t\t\t\t\t\t<div class=\"gllr_image_block\">\n\t\t\t\t\t\t\t\t\t\t\t\t<p style=\"\n\t\t\t\t\t\t\t\t\t\t\t\twidth:170px;height:170px;\t\t\t\t\t\t\t\t\t\t\t\t\">\n\t\t\t\t\t\t\t\t\t\t\t\t\t\t\t\t\t\t\t\t\t\t\t\t\t\t\t\t<a data-fancybox=\"gallery_fancybox_342\" href=\"http:\/\/leboutdumonde.info\/de\/wp-content\/uploads\/2024\/02\/MAISON-SAINT-MATHIEU-PIECE-DE-VIE-01.jpg\" title=\"\" >\n\t\t\t\t\t\t\t\t\t\t\t\t\t\t\t\t<img loading=\"lazy\" decoding=\"async\" width=\"150\" height=\"150\" style=\"width:150px; height:150px; border-width: 10px; border-color:#F1F1F1;border: 10px solid #F1F1F1\" alt=\"\" title=\"\" src=\"http:\/\/leboutdumonde.info\/de\/wp-content\/uploads\/2024\/02\/MAISON-SAINT-MATHIEU-PIECE-DE-VIE-01-150x150.jpg\" rel=\"http:\/\/leboutdumonde.info\/de\/wp-content\/uploads\/2024\/02\/MAISON-SAINT-MATHIEU-PIECE-DE-VIE-01.jpg\" \/>\t\t\t\t\t\t\t\t\t\t\t\t\t\t\t<\/a>\n\t\t\t\t\t\t\t\t\t\t\t\t\t\t\t\t\t\t\t\t\t\t\t\t\t\t<\/p>\n\t\t\t\t\t\t\t\t\t\t\t\t\t\t\t\t\t\t\t\t\t\t\t\t\t<div \n\t\t\t\t\t\t\t\t\t\t\t\t\tstyle=\"width:170px;\"\t\t\t\t\t\t\t\t\t\t\t\t\tclass=\"gllr_single_image_text gllr_single_image_text_under\">&nbsp;<\/div>\n\t\t\t\t\t\t\t\t\t\t\t\t\t\t\t\t\t\t\t\t\t\t\t<\/div><!-- .gllr_image_block -->\n\t\t\t\t\t\t\t\t\t\t\t\t\t\t\t\t\t\t\t\t\t<div class=\"gllr_image_block\">\n\t\t\t\t\t\t\t\t\t\t\t\t<p style=\"\n\t\t\t\t\t\t\t\t\t\t\t\twidth:170px;height:170px;\t\t\t\t\t\t\t\t\t\t\t\t\">\n\t\t\t\t\t\t\t\t\t\t\t\t\t\t\t\t\t\t\t\t\t\t\t\t\t\t\t\t<a data-fancybox=\"gallery_fancybox_342\" href=\"http:\/\/leboutdumonde.info\/de\/wp-content\/uploads\/2024\/02\/MAISON-SAINT-MATHIEU-ECRAN-PLAT-DVD-1024x768.jpg\" title=\"\" >\n\t\t\t\t\t\t\t\t\t\t\t\t\t\t\t\t<img loading=\"lazy\" decoding=\"async\" width=\"150\" height=\"150\" style=\"width:150px; height:150px; border-width: 10px; border-color:#F1F1F1;border: 10px solid #F1F1F1\" alt=\"\" title=\"\" src=\"http:\/\/leboutdumonde.info\/de\/wp-content\/uploads\/2024\/02\/MAISON-SAINT-MATHIEU-ECRAN-PLAT-DVD-150x150.jpg\" rel=\"http:\/\/leboutdumonde.info\/de\/wp-content\/uploads\/2024\/02\/MAISON-SAINT-MATHIEU-ECRAN-PLAT-DVD.jpg\" \/>\t\t\t\t\t\t\t\t\t\t\t\t\t\t\t<\/a>\n\t\t\t\t\t\t\t\t\t\t\t\t\t\t\t\t\t\t\t\t\t\t\t\t\t\t<\/p>\n\t\t\t\t\t\t\t\t\t\t\t\t\t\t\t\t\t\t\t\t\t\t\t\t\t<div \n\t\t\t\t\t\t\t\t\t\t\t\t\tstyle=\"width:170px;\"\t\t\t\t\t\t\t\t\t\t\t\t\tclass=\"gllr_single_image_text gllr_single_image_text_under\">&nbsp;<\/div>\n\t\t\t\t\t\t\t\t\t\t\t\t\t\t\t\t\t\t\t\t\t\t\t<\/div><!-- .gllr_image_block -->\n\t\t\t\t\t\t\t\t\t\t\t\t\t\t\t\t\t\t\t\t\t<\/div><!-- .gllr_image_row -->\n\t\t\t\t\t\t\t\t\t\t\t\t\t\t\t\t\t\t\t\t\t\t<div class=\"gllr_image_row\">\n\t\t\t\t\t\t\t\t\t\t\t\t\t\t\t\t\t\t\t\t\t<div class=\"gllr_image_block\">\n\t\t\t\t\t\t\t\t\t\t\t\t<p style=\"\n\t\t\t\t\t\t\t\t\t\t\t\twidth:170px;height:170px;\t\t\t\t\t\t\t\t\t\t\t\t\">\n\t\t\t\t\t\t\t\t\t\t\t\t\t\t\t\t\t\t\t\t\t\t\t\t\t\t\t\t<a data-fancybox=\"gallery_fancybox_342\" href=\"http:\/\/leboutdumonde.info\/de\/wp-content\/uploads\/2024\/02\/MAISON-SAINT-MATHIEU-COIN-SALON-1024x768.jpg\" title=\"\" >\n\t\t\t\t\t\t\t\t\t\t\t\t\t\t\t\t<img loading=\"lazy\" decoding=\"async\" width=\"150\" height=\"150\" style=\"width:150px; height:150px; border-width: 10px; border-color:#F1F1F1;border: 10px solid #F1F1F1\" alt=\"\" title=\"\" src=\"http:\/\/leboutdumonde.info\/de\/wp-content\/uploads\/2024\/02\/MAISON-SAINT-MATHIEU-COIN-SALON-150x150.jpg\" rel=\"http:\/\/leboutdumonde.info\/de\/wp-content\/uploads\/2024\/02\/MAISON-SAINT-MATHIEU-COIN-SALON.jpg\" \/>\t\t\t\t\t\t\t\t\t\t\t\t\t\t\t<\/a>\n\t\t\t\t\t\t\t\t\t\t\t\t\t\t\t\t\t\t\t\t\t\t\t\t\t\t<\/p>\n\t\t\t\t\t\t\t\t\t\t\t\t\t\t\t\t\t\t\t\t\t\t\t\t\t<div \n\t\t\t\t\t\t\t\t\t\t\t\t\tstyle=\"width:170px;\"\t\t\t\t\t\t\t\t\t\t\t\t\tclass=\"gllr_single_image_text gllr_single_image_text_under\">&nbsp;<\/div>\n\t\t\t\t\t\t\t\t\t\t\t\t\t\t\t\t\t\t\t\t\t\t\t<\/div><!-- .gllr_image_block -->\n\t\t\t\t\t\t\t\t\t\t\t\t\t\t\t\t\t\t\t\t\t<div class=\"gllr_image_block\">\n\t\t\t\t\t\t\t\t\t\t\t\t<p style=\"\n\t\t\t\t\t\t\t\t\t\t\t\twidth:170px;height:170px;\t\t\t\t\t\t\t\t\t\t\t\t\">\n\t\t\t\t\t\t\t\t\t\t\t\t\t\t\t\t\t\t\t\t\t\t\t\t\t\t\t\t<a data-fancybox=\"gallery_fancybox_342\" href=\"http:\/\/leboutdumonde.info\/de\/wp-content\/uploads\/2024\/02\/MAISON-SAINT-MATHIEU-PETIT-ELECTRO-MENAGER.jpg\" title=\"\" >\n\t\t\t\t\t\t\t\t\t\t\t\t\t\t\t\t<img loading=\"lazy\" decoding=\"async\" width=\"150\" height=\"150\" style=\"width:150px; height:150px; border-width: 10px; border-color:#F1F1F1;border: 10px solid #F1F1F1\" alt=\"\" title=\"\" src=\"http:\/\/leboutdumonde.info\/de\/wp-content\/uploads\/2024\/02\/MAISON-SAINT-MATHIEU-PETIT-ELECTRO-MENAGER-150x150.jpg\" rel=\"http:\/\/leboutdumonde.info\/de\/wp-content\/uploads\/2024\/02\/MAISON-SAINT-MATHIEU-PETIT-ELECTRO-MENAGER.jpg\" \/>\t\t\t\t\t\t\t\t\t\t\t\t\t\t\t<\/a>\n\t\t\t\t\t\t\t\t\t\t\t\t\t\t\t\t\t\t\t\t\t\t\t\t\t\t<\/p>\n\t\t\t\t\t\t\t\t\t\t\t\t\t\t\t\t\t\t\t\t\t\t\t\t\t<div \n\t\t\t\t\t\t\t\t\t\t\t\t\tstyle=\"width:170px;\"\t\t\t\t\t\t\t\t\t\t\t\t\tclass=\"gllr_single_image_text gllr_single_image_text_under\">&nbsp;<\/div>\n\t\t\t\t\t\t\t\t\t\t\t\t\t\t\t\t\t\t\t\t\t\t\t<\/div><!-- .gllr_image_block -->\n\t\t\t\t\t\t\t\t\t\t\t\t\t\t\t\t\t\t\t\t\t<div class=\"gllr_image_block\">\n\t\t\t\t\t\t\t\t\t\t\t\t<p style=\"\n\t\t\t\t\t\t\t\t\t\t\t\twidth:170px;height:170px;\t\t\t\t\t\t\t\t\t\t\t\t\">\n\t\t\t\t\t\t\t\t\t\t\t\t\t\t\t\t\t\t\t\t\t\t\t\t\t\t\t\t<a data-fancybox=\"gallery_fancybox_342\" href=\"http:\/\/leboutdumonde.info\/de\/wp-content\/uploads\/2024\/02\/MAISON-SAINT-MATHIEU-CHAMBRE-PARENTALE-01-1024x768.jpg\" title=\"\" >\n\t\t\t\t\t\t\t\t\t\t\t\t\t\t\t\t<img loading=\"lazy\" decoding=\"async\" width=\"150\" height=\"150\" style=\"width:150px; height:150px; border-width: 10px; border-color:#F1F1F1;border: 10px solid #F1F1F1\" alt=\"\" title=\"\" src=\"http:\/\/leboutdumonde.info\/de\/wp-content\/uploads\/2024\/02\/MAISON-SAINT-MATHIEU-CHAMBRE-PARENTALE-01-150x150.jpg\" rel=\"http:\/\/leboutdumonde.info\/de\/wp-content\/uploads\/2024\/02\/MAISON-SAINT-MATHIEU-CHAMBRE-PARENTALE-01.jpg\" \/>\t\t\t\t\t\t\t\t\t\t\t\t\t\t\t<\/a>\n\t\t\t\t\t\t\t\t\t\t\t\t\t\t\t\t\t\t\t\t\t\t\t\t\t\t<\/p>\n\t\t\t\t\t\t\t\t\t\t\t\t\t\t\t\t\t\t\t\t\t\t\t\t\t<div \n\t\t\t\t\t\t\t\t\t\t\t\t\tstyle=\"width:170px;\"\t\t\t\t\t\t\t\t\t\t\t\t\tclass=\"gllr_single_image_text gllr_single_image_text_under\">&nbsp;<\/div>\n\t\t\t\t\t\t\t\t\t\t\t\t\t\t\t\t\t\t\t\t\t\t\t<\/div><!-- .gllr_image_block -->\n\t\t\t\t\t\t\t\t\t\t\t\t\t\t\t\t\t\t\t\t\t<div class=\"gllr_image_block\">\n\t\t\t\t\t\t\t\t\t\t\t\t<p style=\"\n\t\t\t\t\t\t\t\t\t\t\t\twidth:170px;height:170px;\t\t\t\t\t\t\t\t\t\t\t\t\">\n\t\t\t\t\t\t\t\t\t\t\t\t\t\t\t\t\t\t\t\t\t\t\t\t\t\t\t\t<a data-fancybox=\"gallery_fancybox_342\" href=\"http:\/\/leboutdumonde.info\/de\/wp-content\/uploads\/2024\/02\/MAISON-SAINT-MATHIEU-CHAMBRE-PARENTALE-02-1024x796.jpg\" title=\"\" >\n\t\t\t\t\t\t\t\t\t\t\t\t\t\t\t\t<img loading=\"lazy\" decoding=\"async\" width=\"150\" height=\"150\" style=\"width:150px; height:150px; border-width: 10px; border-color:#F1F1F1;border: 10px solid #F1F1F1\" alt=\"\" title=\"\" src=\"http:\/\/leboutdumonde.info\/de\/wp-content\/uploads\/2024\/02\/MAISON-SAINT-MATHIEU-CHAMBRE-PARENTALE-02-150x150.jpg\" rel=\"http:\/\/leboutdumonde.info\/de\/wp-content\/uploads\/2024\/02\/MAISON-SAINT-MATHIEU-CHAMBRE-PARENTALE-02.jpg\" \/>\t\t\t\t\t\t\t\t\t\t\t\t\t\t\t<\/a>\n\t\t\t\t\t\t\t\t\t\t\t\t\t\t\t\t\t\t\t\t\t\t\t\t\t\t<\/p>\n\t\t\t\t\t\t\t\t\t\t\t\t\t\t\t\t\t\t\t\t\t\t\t\t\t<div \n\t\t\t\t\t\t\t\t\t\t\t\t\tstyle=\"width:170px;\"\t\t\t\t\t\t\t\t\t\t\t\t\tclass=\"gllr_single_image_text gllr_single_image_text_under\">&nbsp;<\/div>\n\t\t\t\t\t\t\t\t\t\t\t\t\t\t\t\t\t\t\t\t\t\t\t<\/div><!-- .gllr_image_block -->\n\t\t\t\t\t\t\t\t\t\t\t\t\t\t\t\t\t\t\t\t\t<\/div><!-- .gllr_image_row -->\n\t\t\t\t\t\t\t\t\t\t\t\t\t\t\t\t\t\t\t\t\t\t<div class=\"gllr_image_row\">\n\t\t\t\t\t\t\t\t\t\t\t\t\t\t\t\t\t\t\t\t\t<div class=\"gllr_image_block\">\n\t\t\t\t\t\t\t\t\t\t\t\t<p style=\"\n\t\t\t\t\t\t\t\t\t\t\t\twidth:170px;height:170px;\t\t\t\t\t\t\t\t\t\t\t\t\">\n\t\t\t\t\t\t\t\t\t\t\t\t\t\t\t\t\t\t\t\t\t\t\t\t\t\t\t\t<a data-fancybox=\"gallery_fancybox_342\" href=\"http:\/\/leboutdumonde.info\/de\/wp-content\/uploads\/2024\/02\/MAISON-SAINT-MATHIEU-CHAMBRE-ENFANTS-02-1024x682.jpg\" title=\"\" >\n\t\t\t\t\t\t\t\t\t\t\t\t\t\t\t\t<img loading=\"lazy\" decoding=\"async\" width=\"150\" height=\"150\" style=\"width:150px; height:150px; border-width: 10px; border-color:#F1F1F1;border: 10px solid #F1F1F1\" alt=\"\" title=\"\" src=\"http:\/\/leboutdumonde.info\/de\/wp-content\/uploads\/2024\/02\/MAISON-SAINT-MATHIEU-CHAMBRE-ENFANTS-02-150x150.jpg\" rel=\"http:\/\/leboutdumonde.info\/de\/wp-content\/uploads\/2024\/02\/MAISON-SAINT-MATHIEU-CHAMBRE-ENFANTS-02.jpg\" \/>\t\t\t\t\t\t\t\t\t\t\t\t\t\t\t<\/a>\n\t\t\t\t\t\t\t\t\t\t\t\t\t\t\t\t\t\t\t\t\t\t\t\t\t\t<\/p>\n\t\t\t\t\t\t\t\t\t\t\t\t\t\t\t\t\t\t\t\t\t\t\t\t\t<div \n\t\t\t\t\t\t\t\t\t\t\t\t\tstyle=\"width:170px;\"\t\t\t\t\t\t\t\t\t\t\t\t\tclass=\"gllr_single_image_text gllr_single_image_text_under\">&nbsp;<\/div>\n\t\t\t\t\t\t\t\t\t\t\t\t\t\t\t\t\t\t\t\t\t\t\t<\/div><!-- .gllr_image_block -->\n\t\t\t\t\t\t\t\t\t\t\t\t\t\t\t\t\t\t\t\t\t<div class=\"gllr_image_block\">\n\t\t\t\t\t\t\t\t\t\t\t\t<p style=\"\n\t\t\t\t\t\t\t\t\t\t\t\twidth:170px;height:170px;\t\t\t\t\t\t\t\t\t\t\t\t\">\n\t\t\t\t\t\t\t\t\t\t\t\t\t\t\t\t\t\t\t\t\t\t\t\t\t\t\t\t<a data-fancybox=\"gallery_fancybox_342\" href=\"http:\/\/leboutdumonde.info\/de\/wp-content\/uploads\/2024\/02\/MAISON-SAINT-MATHIEU-VUE-PIERRES-NOIRES-ETAGE.jpg\" title=\"\" >\n\t\t\t\t\t\t\t\t\t\t\t\t\t\t\t\t<img loading=\"lazy\" decoding=\"async\" width=\"150\" height=\"150\" style=\"width:150px; height:150px; border-width: 10px; border-color:#F1F1F1;border: 10px solid #F1F1F1\" alt=\"\" title=\"\" src=\"http:\/\/leboutdumonde.info\/de\/wp-content\/uploads\/2024\/02\/MAISON-SAINT-MATHIEU-VUE-PIERRES-NOIRES-ETAGE-150x150.jpg\" rel=\"http:\/\/leboutdumonde.info\/de\/wp-content\/uploads\/2024\/02\/MAISON-SAINT-MATHIEU-VUE-PIERRES-NOIRES-ETAGE.jpg\" \/>\t\t\t\t\t\t\t\t\t\t\t\t\t\t\t<\/a>\n\t\t\t\t\t\t\t\t\t\t\t\t\t\t\t\t\t\t\t\t\t\t\t\t\t\t<\/p>\n\t\t\t\t\t\t\t\t\t\t\t\t\t\t\t\t\t\t\t\t\t\t\t\t\t<div \n\t\t\t\t\t\t\t\t\t\t\t\t\tstyle=\"width:170px;\"\t\t\t\t\t\t\t\t\t\t\t\t\tclass=\"gllr_single_image_text gllr_single_image_text_under\">&nbsp;<\/div>\n\t\t\t\t\t\t\t\t\t\t\t\t\t\t\t\t\t\t\t\t\t\t\t<\/div><!-- .gllr_image_block -->\n\t\t\t\t\t\t\t\t\t\t\t\t\t\t\t\t\t\t\t\t\t<div class=\"gllr_image_block\">\n\t\t\t\t\t\t\t\t\t\t\t\t<p style=\"\n\t\t\t\t\t\t\t\t\t\t\t\twidth:170px;height:170px;\t\t\t\t\t\t\t\t\t\t\t\t\">\n\t\t\t\t\t\t\t\t\t\t\t\t\t\t\t\t\t\t\t\t\t\t\t\t\t\t\t\t<a data-fancybox=\"gallery_fancybox_342\" href=\"http:\/\/leboutdumonde.info\/de\/wp-content\/uploads\/2024\/02\/MAISON-SAINT-MATHIEU-VUE-PIERRES-NOIRES-ETAGE-02.jpg\" title=\"\" >\n\t\t\t\t\t\t\t\t\t\t\t\t\t\t\t\t<img loading=\"lazy\" decoding=\"async\" width=\"150\" height=\"150\" style=\"width:150px; height:150px; border-width: 10px; border-color:#F1F1F1;border: 10px solid #F1F1F1\" alt=\"\" title=\"\" src=\"http:\/\/leboutdumonde.info\/de\/wp-content\/uploads\/2024\/02\/MAISON-SAINT-MATHIEU-VUE-PIERRES-NOIRES-ETAGE-02-150x150.jpg\" rel=\"http:\/\/leboutdumonde.info\/de\/wp-content\/uploads\/2024\/02\/MAISON-SAINT-MATHIEU-VUE-PIERRES-NOIRES-ETAGE-02.jpg\" \/>\t\t\t\t\t\t\t\t\t\t\t\t\t\t\t<\/a>\n\t\t\t\t\t\t\t\t\t\t\t\t\t\t\t\t\t\t\t\t\t\t\t\t\t\t<\/p>\n\t\t\t\t\t\t\t\t\t\t\t\t\t\t\t\t\t\t\t\t\t\t\t\t\t<div \n\t\t\t\t\t\t\t\t\t\t\t\t\tstyle=\"width:170px;\"\t\t\t\t\t\t\t\t\t\t\t\t\tclass=\"gllr_single_image_text gllr_single_image_text_under\">&nbsp;<\/div>\n\t\t\t\t\t\t\t\t\t\t\t\t\t\t\t\t\t\t\t\t\t\t\t<\/div><!-- .gllr_image_block -->\n\t\t\t\t\t\t\t\t\t\t\t\t\t\t\t\t\t\t\t\t\t<div class=\"gllr_image_block\">\n\t\t\t\t\t\t\t\t\t\t\t\t<p style=\"\n\t\t\t\t\t\t\t\t\t\t\t\twidth:170px;height:170px;\t\t\t\t\t\t\t\t\t\t\t\t\">\n\t\t\t\t\t\t\t\t\t\t\t\t\t\t\t\t\t\t\t\t\t\t\t\t\t\t\t\t<a data-fancybox=\"gallery_fancybox_342\" href=\"http:\/\/leboutdumonde.info\/de\/wp-content\/uploads\/2024\/02\/MAISON-SAINT-MATHIEU-TABLE-HAUTE-VERANDA.jpg\" title=\"\" >\n\t\t\t\t\t\t\t\t\t\t\t\t\t\t\t\t<img loading=\"lazy\" decoding=\"async\" width=\"150\" height=\"150\" style=\"width:150px; height:150px; border-width: 10px; border-color:#F1F1F1;border: 10px solid #F1F1F1\" alt=\"\" title=\"\" src=\"http:\/\/leboutdumonde.info\/de\/wp-content\/uploads\/2024\/02\/MAISON-SAINT-MATHIEU-TABLE-HAUTE-VERANDA-150x150.jpg\" rel=\"http:\/\/leboutdumonde.info\/de\/wp-content\/uploads\/2024\/02\/MAISON-SAINT-MATHIEU-TABLE-HAUTE-VERANDA.jpg\" \/>\t\t\t\t\t\t\t\t\t\t\t\t\t\t\t<\/a>\n\t\t\t\t\t\t\t\t\t\t\t\t\t\t\t\t\t\t\t\t\t\t\t\t\t\t<\/p>\n\t\t\t\t\t\t\t\t\t\t\t\t\t\t\t\t\t\t\t\t\t\t\t\t\t<div \n\t\t\t\t\t\t\t\t\t\t\t\t\tstyle=\"width:170px;\"\t\t\t\t\t\t\t\t\t\t\t\t\tclass=\"gllr_single_image_text gllr_single_image_text_under\">&nbsp;<\/div>\n\t\t\t\t\t\t\t\t\t\t\t\t\t\t\t\t\t\t\t\t\t\t\t<\/div><!-- .gllr_image_block -->\n\t\t\t\t\t\t\t\t\t\t\t\t\t\t\t\t\t\t\t\t\t<\/div><!-- .gllr_image_row -->\n\t\t\t\t\t\t\t\t\t\t\t\t\t\t\t\t\t\t\t\t\t\t<div class=\"gllr_image_row\">\n\t\t\t\t\t\t\t\t\t\t\t\t\t\t\t\t\t\t\t\t\t<div class=\"gllr_image_block\">\n\t\t\t\t\t\t\t\t\t\t\t\t<p style=\"\n\t\t\t\t\t\t\t\t\t\t\t\twidth:170px;height:170px;\t\t\t\t\t\t\t\t\t\t\t\t\">\n\t\t\t\t\t\t\t\t\t\t\t\t\t\t\t\t\t\t\t\t\t\t\t\t\t\t\t\t<a data-fancybox=\"gallery_fancybox_342\" href=\"http:\/\/leboutdumonde.info\/de\/wp-content\/uploads\/2024\/02\/MAISON-SAINT-MATHIEU-COIN-CUISINE-1024x768.jpg\" title=\"\" >\n\t\t\t\t\t\t\t\t\t\t\t\t\t\t\t\t<img loading=\"lazy\" decoding=\"async\" width=\"150\" height=\"150\" style=\"width:150px; height:150px; border-width: 10px; border-color:#F1F1F1;border: 10px solid #F1F1F1\" alt=\"\" title=\"\" src=\"http:\/\/leboutdumonde.info\/de\/wp-content\/uploads\/2024\/02\/MAISON-SAINT-MATHIEU-COIN-CUISINE-150x150.jpg\" rel=\"http:\/\/leboutdumonde.info\/de\/wp-content\/uploads\/2024\/02\/MAISON-SAINT-MATHIEU-COIN-CUISINE.jpg\" \/>\t\t\t\t\t\t\t\t\t\t\t\t\t\t\t<\/a>\n\t\t\t\t\t\t\t\t\t\t\t\t\t\t\t\t\t\t\t\t\t\t\t\t\t\t<\/p>\n\t\t\t\t\t\t\t\t\t\t\t\t\t\t\t\t\t\t\t\t\t\t\t\t\t<div \n\t\t\t\t\t\t\t\t\t\t\t\t\tstyle=\"width:170px;\"\t\t\t\t\t\t\t\t\t\t\t\t\tclass=\"gllr_single_image_text gllr_single_image_text_under\">&nbsp;<\/div>\n\t\t\t\t\t\t\t\t\t\t\t\t\t\t\t\t\t\t\t\t\t\t\t<\/div><!-- .gllr_image_block -->\n\t\t\t\t\t\t\t\t\t\t\t\t\t\t\t\t\t\t\t\t\t<div class=\"gllr_image_block\">\n\t\t\t\t\t\t\t\t\t\t\t\t<p style=\"\n\t\t\t\t\t\t\t\t\t\t\t\twidth:170px;height:170px;\t\t\t\t\t\t\t\t\t\t\t\t\">\n\t\t\t\t\t\t\t\t\t\t\t\t\t\t\t\t\t\t\t\t\t\t\t\t\t\t\t\t<a data-fancybox=\"gallery_fancybox_342\" href=\"http:\/\/leboutdumonde.info\/de\/wp-content\/uploads\/2024\/02\/MAISON-SAINT-MATHIEU-SALLE-DEAU.jpg\" title=\"\" >\n\t\t\t\t\t\t\t\t\t\t\t\t\t\t\t\t<img loading=\"lazy\" decoding=\"async\" width=\"150\" height=\"150\" style=\"width:150px; height:150px; border-width: 10px; border-color:#F1F1F1;border: 10px solid #F1F1F1\" alt=\"\" title=\"\" src=\"http:\/\/leboutdumonde.info\/de\/wp-content\/uploads\/2024\/02\/MAISON-SAINT-MATHIEU-SALLE-DEAU-150x150.jpg\" rel=\"http:\/\/leboutdumonde.info\/de\/wp-content\/uploads\/2024\/02\/MAISON-SAINT-MATHIEU-SALLE-DEAU.jpg\" \/>\t\t\t\t\t\t\t\t\t\t\t\t\t\t\t<\/a>\n\t\t\t\t\t\t\t\t\t\t\t\t\t\t\t\t\t\t\t\t\t\t\t\t\t\t<\/p>\n\t\t\t\t\t\t\t\t\t\t\t\t\t\t\t\t\t\t\t\t\t\t\t\t\t<div \n\t\t\t\t\t\t\t\t\t\t\t\t\tstyle=\"width:170px;\"\t\t\t\t\t\t\t\t\t\t\t\t\tclass=\"gllr_single_image_text gllr_single_image_text_under\">&nbsp;<\/div>\n\t\t\t\t\t\t\t\t\t\t\t\t\t\t\t\t\t\t\t\t\t\t\t<\/div><!-- .gllr_image_block -->\n\t\t\t\t\t\t\t\t\t\t\t\t\t\t\t\t\t\t\t\t\t<div class=\"gllr_image_block\">\n\t\t\t\t\t\t\t\t\t\t\t\t<p style=\"\n\t\t\t\t\t\t\t\t\t\t\t\twidth:170px;height:170px;\t\t\t\t\t\t\t\t\t\t\t\t\">\n\t\t\t\t\t\t\t\t\t\t\t\t\t\t\t\t\t\t\t\t\t\t\t\t\t\t\t\t<a data-fancybox=\"gallery_fancybox_342\" href=\"http:\/\/leboutdumonde.info\/de\/wp-content\/uploads\/2024\/02\/MAISON-SAINT-MATHIEU-SALLE-DEAU-02.jpg\" title=\"\" >\n\t\t\t\t\t\t\t\t\t\t\t\t\t\t\t\t<img loading=\"lazy\" decoding=\"async\" width=\"150\" height=\"150\" style=\"width:150px; height:150px; border-width: 10px; border-color:#F1F1F1;border: 10px solid #F1F1F1\" alt=\"\" title=\"\" src=\"http:\/\/leboutdumonde.info\/de\/wp-content\/uploads\/2024\/02\/MAISON-SAINT-MATHIEU-SALLE-DEAU-02-150x150.jpg\" rel=\"http:\/\/leboutdumonde.info\/de\/wp-content\/uploads\/2024\/02\/MAISON-SAINT-MATHIEU-SALLE-DEAU-02.jpg\" \/>\t\t\t\t\t\t\t\t\t\t\t\t\t\t\t<\/a>\n\t\t\t\t\t\t\t\t\t\t\t\t\t\t\t\t\t\t\t\t\t\t\t\t\t\t<\/p>\n\t\t\t\t\t\t\t\t\t\t\t\t\t\t\t\t\t\t\t\t\t\t\t\t\t<div \n\t\t\t\t\t\t\t\t\t\t\t\t\tstyle=\"width:170px;\"\t\t\t\t\t\t\t\t\t\t\t\t\tclass=\"gllr_single_image_text gllr_single_image_text_under\">&nbsp;<\/div>\n\t\t\t\t\t\t\t\t\t\t\t\t\t\t\t\t\t\t\t\t\t\t\t<\/div><!-- .gllr_image_block -->\n\t\t\t\t\t\t\t\t\t\t\t\t\t\t\t\t\t\t\t\t\t<div class=\"gllr_image_block\">\n\t\t\t\t\t\t\t\t\t\t\t\t<p style=\"\n\t\t\t\t\t\t\t\t\t\t\t\twidth:170px;height:170px;\t\t\t\t\t\t\t\t\t\t\t\t\">\n\t\t\t\t\t\t\t\t\t\t\t\t\t\t\t\t\t\t\t\t\t\t\t\t\t\t\t\t<a data-fancybox=\"gallery_fancybox_342\" href=\"http:\/\/leboutdumonde.info\/de\/wp-content\/uploads\/2024\/02\/MAISON-SAINT-MATHIEU-ESPACE-DETENTE-VERANDA.jpg\" title=\"\" >\n\t\t\t\t\t\t\t\t\t\t\t\t\t\t\t\t<img loading=\"lazy\" decoding=\"async\" width=\"150\" height=\"150\" style=\"width:150px; height:150px; border-width: 10px; border-color:#F1F1F1;border: 10px solid #F1F1F1\" alt=\"\" title=\"\" src=\"http:\/\/leboutdumonde.info\/de\/wp-content\/uploads\/2024\/02\/MAISON-SAINT-MATHIEU-ESPACE-DETENTE-VERANDA-150x150.jpg\" rel=\"http:\/\/leboutdumonde.info\/de\/wp-content\/uploads\/2024\/02\/MAISON-SAINT-MATHIEU-ESPACE-DETENTE-VERANDA.jpg\" \/>\t\t\t\t\t\t\t\t\t\t\t\t\t\t\t<\/a>\n\t\t\t\t\t\t\t\t\t\t\t\t\t\t\t\t\t\t\t\t\t\t\t\t\t\t<\/p>\n\t\t\t\t\t\t\t\t\t\t\t\t\t\t\t\t\t\t\t\t\t\t\t\t\t<div \n\t\t\t\t\t\t\t\t\t\t\t\t\tstyle=\"width:170px;\"\t\t\t\t\t\t\t\t\t\t\t\t\tclass=\"gllr_single_image_text gllr_single_image_text_under\">&nbsp;<\/div>\n\t\t\t\t\t\t\t\t\t\t\t\t\t\t\t\t\t\t\t\t\t\t\t<\/div><!-- .gllr_image_block -->\n\t\t\t\t\t\t\t\t\t\t\t\t\t\t\t\t\t\t\t\t\t<\/div><!-- .gllr_image_row -->\n\t\t\t\t\t\t\t\t\t\t\t\t\t\t\t\t\t\t\t\t\t\t<div class=\"gllr_image_row\">\n\t\t\t\t\t\t\t\t\t\t\t\t\t\t\t\t\t\t\t\t\t<div class=\"gllr_image_block\">\n\t\t\t\t\t\t\t\t\t\t\t\t<p style=\"\n\t\t\t\t\t\t\t\t\t\t\t\twidth:170px;height:170px;\t\t\t\t\t\t\t\t\t\t\t\t\">\n\t\t\t\t\t\t\t\t\t\t\t\t\t\t\t\t\t\t\t\t\t\t\t\t\t\t\t\t<a data-fancybox=\"gallery_fancybox_342\" href=\"http:\/\/leboutdumonde.info\/de\/wp-content\/uploads\/2024\/02\/MAISON-SAINT-MATHIEU-VERANDA.jpg\" title=\"\" >\n\t\t\t\t\t\t\t\t\t\t\t\t\t\t\t\t<img loading=\"lazy\" decoding=\"async\" width=\"150\" height=\"150\" style=\"width:150px; height:150px; border-width: 10px; border-color:#F1F1F1;border: 10px solid #F1F1F1\" alt=\"\" title=\"\" src=\"http:\/\/leboutdumonde.info\/de\/wp-content\/uploads\/2024\/02\/MAISON-SAINT-MATHIEU-VERANDA-150x150.jpg\" rel=\"http:\/\/leboutdumonde.info\/de\/wp-content\/uploads\/2024\/02\/MAISON-SAINT-MATHIEU-VERANDA.jpg\" \/>\t\t\t\t\t\t\t\t\t\t\t\t\t\t\t<\/a>\n\t\t\t\t\t\t\t\t\t\t\t\t\t\t\t\t\t\t\t\t\t\t\t\t\t\t<\/p>\n\t\t\t\t\t\t\t\t\t\t\t\t\t\t\t\t\t\t\t\t\t\t\t\t\t<div \n\t\t\t\t\t\t\t\t\t\t\t\t\tstyle=\"width:170px;\"\t\t\t\t\t\t\t\t\t\t\t\t\tclass=\"gllr_single_image_text gllr_single_image_text_under\">&nbsp;<\/div>\n\t\t\t\t\t\t\t\t\t\t\t\t\t\t\t\t\t\t\t\t\t\t\t<\/div><!-- .gllr_image_block -->\n\t\t\t\t\t\t\t\t\t\t\t\t\t\t\t\t\t\t\t\t\t<div class=\"clear\"><\/div>\n\t\t\t\t\t\t\t\t\t\t<\/div><!-- .gllr_image_row -->\n\t\t\t\t\t\t\t\t\t\t\t\t\t\t\t\t\t<\/div><!-- .gallery.clearfix -->\n\t\t\t\t\t\t\t\t\t\t\t\t\t\t<\/div><!-- .gallery_box_single -->\n\t\t\t\t\t\t<div class=\"gllr_clear\"><\/div>\n\t\t\t\t\t\t\n","protected":false},"excerpt":{"rendered":"<p>3 Stern Haus f\u00fcr 4 Personen (60 m2). K\u00fcchenecke mit Mikrowelle, Sp\u00fclmaschine, und K\u00fchlschrank, Gefrier, induktionskochplatten, Veranda Wohnzimmer mit Schlafsofa, Fernseher und DVD-Player. Radio bluetooth Badezimmer, Waschmaschine und Trockner. Die Zimmer mit Dopellbet und zwei einzelbetten. * Nespressoautomat (Kapseln m\u00fcssen &hellip;<\/p>\n<p class=\"read-more\"> <a class=\"more-link\" href=\"http:\/\/leboutdumonde.info\/de\/bws-gallery\/saint-mathieu\"> <span class=\"screen-reader-text\">Saint Mathieu<\/span> Read More &raquo;<\/a><\/p>\n","protected":false},"author":1,"featured_media":0,"parent":0,"menu_order":0,"comment_status":"closed","ping_status":"closed","template":"","meta":{"footnotes":""},"_links":{"self":[{"href":"http:\/\/leboutdumonde.info\/de\/wp-json\/wp\/v2\/pages\/111"}],"collection":[{"href":"http:\/\/leboutdumonde.info\/de\/wp-json\/wp\/v2\/pages"}],"about":[{"href":"http:\/\/leboutdumonde.info\/de\/wp-json\/wp\/v2\/types\/page"}],"author":[{"embeddable":true,"href":"http:\/\/leboutdumonde.info\/de\/wp-json\/wp\/v2\/users\/1"}],"replies":[{"embeddable":true,"href":"http:\/\/leboutdumonde.info\/de\/wp-json\/wp\/v2\/comments?post=111"}],"version-history":[{"count":12,"href":"http:\/\/leboutdumonde.info\/de\/wp-json\/wp\/v2\/pages\/111\/revisions"}],"predecessor-version":[{"id":446,"href":"http:\/\/leboutdumonde.info\/de\/wp-json\/wp\/v2\/pages\/111\/revisions\/446"}],"wp:attachment":[{"href":"http:\/\/leboutdumonde.info\/de\/wp-json\/wp\/v2\/media?parent=111"}],"curies":[{"name":"wp","href":"https:\/\/api.w.org\/{rel}","templated":true}]}}