{"id":147,"date":"2014-04-29T09:27:11","date_gmt":"2014-04-29T08:27:11","guid":{"rendered":"http:\/\/leboutdumonde.info\/es\/?page_id=147"},"modified":"2024-02-05T21:26:31","modified_gmt":"2024-02-05T20:26:31","slug":"mapa","status":"publish","type":"page","link":"http:\/\/leboutdumonde.info\/es\/informacion-practica\/mapa","title":{"rendered":"Mapa"},"content":{"rendered":"<p>\u00bfC\u00f3mo llegar a las casas del Fin del Mundo &#8230;<\/p>\n<p>Brest, en direcci\u00f3n a Le Conquet. En la rotonda Lannou, direcci\u00f3n Plougonvelin.<br \/>\nA 800 metros y girar a la derecha hacia la Pointe Saint-Mathieu. En la se\u00f1al de stop, gire a la derecha y siga 5 kil\u00f3metros (hay que pasar el Faro de Pointe St Mathieu).<\/p>\n<p>A unos 1.500 metros y girar a la derecha hacia Lochrist. Para 500 metros para llegar a la Place de Lochrist.<\/p>\n<p>Ya ha llegado, la propiedad se encuentra uno con una gran puerta gris.<\/p>\n<p><iframe loading=\"lazy\" style=\"border: 0;\" src=\"https:\/\/www.google.com\/maps\/embed?pb=!1m18!1m12!1m3!1d5303.595525011257!2d-4.761688900000023!3d48.345192450000006!2m3!1f0!2f0!3f0!3m2!1i1024!2i768!4f13.1!3m3!1m2!1s0x481692635dfc190f%3A0x68ac0c273053d04b!2sLochrist!5e0!3m2!1sfr!2sfr!4v1396533197032\" width=\"600\" height=\"450\" frameborder=\"0\"><\/iframe><\/p>\n<p>Para saber mas :<\/p>\n<p><a href=\"http:\/\/www.viamichelin.fr\" target=\"_blank\" rel=\"noopener noreferrer\">www.Viamichelin.fr<\/a><\/p>\n","protected":false},"excerpt":{"rendered":"<p>\u00bfC\u00f3mo llegar a las casas del Fin del Mundo &#8230; Brest, en direcci\u00f3n a Le Conquet. En la rotonda Lannou, direcci\u00f3n Plougonvelin. A 800 metros y girar a la derecha hacia la Pointe Saint-Mathieu. En la se\u00f1al de stop, gire &hellip;<\/p>\n<p class=\"read-more\"> <a class=\"more-link\" href=\"http:\/\/leboutdumonde.info\/es\/informacion-practica\/mapa\"> <span class=\"screen-reader-text\">Mapa<\/span> Read More &raquo;<\/a><\/p>\n","protected":false},"author":1,"featured_media":0,"parent":145,"menu_order":0,"comment_status":"closed","ping_status":"closed","template":"","meta":{"footnotes":""},"_links":{"self":[{"href":"http:\/\/leboutdumonde.info\/es\/wp-json\/wp\/v2\/pages\/147"}],"collection":[{"href":"http:\/\/leboutdumonde.info\/es\/wp-json\/wp\/v2\/pages"}],"about":[{"href":"http:\/\/leboutdumonde.info\/es\/wp-json\/wp\/v2\/types\/page"}],"author":[{"embeddable":true,"href":"http:\/\/leboutdumonde.info\/es\/wp-json\/wp\/v2\/users\/1"}],"replies":[{"embeddable":true,"href":"http:\/\/leboutdumonde.info\/es\/wp-json\/wp\/v2\/comments?post=147"}],"version-history":[{"count":4,"href":"http:\/\/leboutdumonde.info\/es\/wp-json\/wp\/v2\/pages\/147\/revisions"}],"predecessor-version":[{"id":399,"href":"http:\/\/leboutdumonde.info\/es\/wp-json\/wp\/v2\/pages\/147\/revisions\/399"}],"up":[{"embeddable":true,"href":"http:\/\/leboutdumonde.info\/es\/wp-json\/wp\/v2\/pages\/145"}],"wp:attachment":[{"href":"http:\/\/leboutdumonde.info\/es\/wp-json\/wp\/v2\/media?parent=147"}],"curies":[{"name":"wp","href":"https:\/\/api.w.org\/{rel}","templated":true}]}}