{"id":149,"date":"2014-04-29T09:30:56","date_gmt":"2014-04-29T08:30:56","guid":{"rendered":"http:\/\/leboutdumonde.info\/es\/?page_id=149"},"modified":"2024-09-08T13:28:41","modified_gmt":"2024-09-08T12:28:41","slug":"tarifas","status":"publish","type":"page","link":"https:\/\/leboutdumonde.info\/es\/informacion-practica\/tarifas","title":{"rendered":"Tarifas"},"content":{"rendered":"<p><span style=\"font-size: medium;\"><span class=\"Apple-style-span\" style=\"line-height: normal; -webkit-border-horizontal-spacing: 10px; -webkit-border-vertical-spacing: 10px;\">\n<table id=\"tablepress-1\" class=\"tablepress tablepress-id-1\">\n<thead>\n<tr class=\"row-1 odd\">\n\t<th class=\"column-1\"><\/th><th class=\"column-2\">Temporada muy alta<\/th><th class=\"column-3\">Temporada alta<\/th><th class=\"column-4\">Temporada Media y baja<\/th><th class=\"column-5\">Temporada Media<\/th><th class=\"column-6\">Temporada Baja<\/th>\n<\/tr>\n<\/thead>\n<tbody class=\"row-hover\">\n<tr class=\"row-2 even\">\n\t<td class=\"column-1\">Precio en \u20ac por semana Casa Ouessant<\/td><td class=\"column-2\">1250 \u20ac<\/td><td class=\"column-3\">1050 \u20ac<\/td><td class=\"column-4\">750 \u20ac<\/td><td class=\"column-5\">650 \u20ac<\/td><td class=\"column-6\">500 \u20ac<\/td>\n<\/tr>\n<tr class=\"row-3 odd\">\n\t<td class=\"column-1\">Precio en \u20ac por semana Casa Saint-Mathieu<\/td><td class=\"column-2\">1350 \u20ac<\/td><td class=\"column-3\">1150 \u20ac<\/td><td class=\"column-4\">850 \u20ac<\/td><td class=\"column-5\">750 \u20ac<\/td><td class=\"column-6\">600 \u20ac<\/td>\n<\/tr>\n<\/tbody>\n<\/table>\n<!-- #tablepress-1 from cache --><\/span><\/span><\/p>\n<p>Periodo<\/p>\n<p class=\"p1\"><strong>Temporada Baja<\/strong> (Fuera de vacaciones escolares &#8211; Sin calefacci\u00f3n)<\/p>\n<p class=\"p1\"><strong>Temporada Media<\/strong> (Fuera de vacaciones escolares &#8211; Sin calefacci\u00f3n): Mayo &#8211; Junio &#8211; Septiembre &#8211; Octubre<\/p>\n<p class=\"p1\"><strong>Temporada Baja y Media<\/strong> (Vacaciones escolares &#8211; Sin calefacci\u00f3n)<\/p>\n<p class=\"p1\"><strong>Temporada Alta<\/strong>: Primera semana de julio &#8211; \u00daltima semana de agosto<\/p>\n<p class=\"p1\"><strong>Temporada Muy Alta<\/strong>: Desde la segunda semana de julio hasta la tercera semana de agosto<\/p>\n<p>Carga de calefacci\u00f3n: 10\u20ac\/dia<\/p>\n<p><strong>La piscina<\/strong> est\u00e1 climatizada de mayo a septiembre y el \u00e1rea de la piscina est\u00e1 abierta de abril\/mayo a septiembre (dependiendo del clima y la temperatura exterior).<\/p>\n","protected":false},"excerpt":{"rendered":"<p>Periodo Temporada Baja (Fuera de vacaciones escolares &#8211; Sin calefacci\u00f3n) Temporada Media (Fuera de vacaciones escolares &#8211; Sin calefacci\u00f3n): Mayo &#8211; Junio &#8211; Septiembre &#8211; Octubre Temporada Baja y Media (Vacaciones escolares &#8211; Sin calefacci\u00f3n) Temporada Alta: Primera semana de &hellip;<\/p>\n<p class=\"read-more\"> <a class=\"more-link\" href=\"https:\/\/leboutdumonde.info\/es\/informacion-practica\/tarifas\"> <span class=\"screen-reader-text\">Tarifas<\/span> Read More &raquo;<\/a><\/p>\n","protected":false},"author":1,"featured_media":0,"parent":145,"menu_order":0,"comment_status":"closed","ping_status":"closed","template":"","meta":{"footnotes":""},"_links":{"self":[{"href":"https:\/\/leboutdumonde.info\/es\/wp-json\/wp\/v2\/pages\/149"}],"collection":[{"href":"https:\/\/leboutdumonde.info\/es\/wp-json\/wp\/v2\/pages"}],"about":[{"href":"https:\/\/leboutdumonde.info\/es\/wp-json\/wp\/v2\/types\/page"}],"author":[{"embeddable":true,"href":"https:\/\/leboutdumonde.info\/es\/wp-json\/wp\/v2\/users\/1"}],"replies":[{"embeddable":true,"href":"https:\/\/leboutdumonde.info\/es\/wp-json\/wp\/v2\/comments?post=149"}],"version-history":[{"count":12,"href":"https:\/\/leboutdumonde.info\/es\/wp-json\/wp\/v2\/pages\/149\/revisions"}],"predecessor-version":[{"id":415,"href":"https:\/\/leboutdumonde.info\/es\/wp-json\/wp\/v2\/pages\/149\/revisions\/415"}],"up":[{"embeddable":true,"href":"https:\/\/leboutdumonde.info\/es\/wp-json\/wp\/v2\/pages\/145"}],"wp:attachment":[{"href":"https:\/\/leboutdumonde.info\/es\/wp-json\/wp\/v2\/media?parent=149"}],"curies":[{"name":"wp","href":"https:\/\/api.w.org\/{rel}","templated":true}]}}