{"id":27,"date":"2014-07-15T15:55:07","date_gmt":"2014-07-15T14:55:07","guid":{"rendered":"http:\/\/leboutdumonde.info\/it\/?page_id=27"},"modified":"2024-09-08T13:34:20","modified_gmt":"2024-09-08T12:34:20","slug":"regolamento-interno","status":"publish","type":"page","link":"https:\/\/leboutdumonde.info\/it\/regolamento-interno","title":{"rendered":"Regolamento interno"},"content":{"rendered":"<p><strong>Regole di vita<\/strong><\/p>\n<p>Vi preghiamo di rispettare le regole di vita della propriet\u00e0 per il vostro comfort e quello dei vostri vicini.<\/p>\n<p>L\u2019alloggio \u00e9 concepito per un numero determinato di persone. Le compagnie assicurative ci obbligano, per questioni di sicurezza, a fare rispettare questo numero.<\/p>\n<p>Gli utenti esterni al soggiorno (famiglie, amici..) non sono autorizzati a trattenersi sul sito e a godere delle infrastrutture interne e esterne (abitazione, piscine, lavatrice e asciugatrice, salottini da giardino, giochi\u2026)<\/p>\n<p>Siete garanti delle persone che vi accompagnano e del loro comportamento.<\/p>\n<p>Per preservare la quiete del sito, vi preghiamo di non fare rumore o turbare la tranquillit\u00e0, in particolare dalle 22:00 alle 8:00.<\/p>\n<p>La lavatrice e l\u2019asciugatrice sono a vostra disposizione gratuitamente. Vi ringraziamo di non abusarne e di averne cura, cos\u00ec come per il locale.<\/p>\n<p>I detersivi per la lavastoviglie e la lavatrice non sono forniti.<\/p>\n<p>Vi preghiamo di segnalare le fughe, i guasti o le alterazioni constatati nelle abitazioni o nelle parti comuni.<\/p>\n<p>I cassonetti della spazzatura e della raccolta differenziata si trovano all\u2019entrata sulla destra. La raccolta \u00e9 effettuata a rotazione ogni venerd\u00ec.<\/p>\n<p>Vi ricordiamo che \u00e9 vietato fumare all\u2019interno delle abitazioni. All\u2019esterno, vi preghiamo di gettare i mozziconi di sigarette nella spazzatura.<\/p>\n<p><strong>Il giardino<\/strong><\/p>\n<p>Le terrazze esterne con salottini da giardino e barbecue sono a votra disposizione. Vi preghiamo di tenerle pulite dopo i pasti (salottino da giardino e barbecue puliti e rimessi in ordine &#8211; rifiuti gettati nella spazzatura).<\/p>\n<p>Un tavolo da ping-pong \u00e9 messo a vostra disposizione.<\/p>\n<p>Un tappeto elastico \u00e9 ugualmente messo a vostra disposizione ma sotto vostra completa responsabilit\u00e0. Una sola persona alla volta \u00e9 autorizzata ad utilizzare il tappeto elastico.<\/p>\n<p>Preghiamo le famiglie con animali di raccogliere tutti i loro bisogni per questioni di igiene.<\/p>\n<p>In generale, vi preghiamo di tenere il giardino pulito e ordinato.<\/p>\n<p><strong>L\u2019area piscina<\/strong><\/p>\n<p>La piscina \u00e8 riscaldata da maggio a settembre e l&rsquo;area piscina \u00e8 aperta da aprile\/maggio a settembre (a seconda del tempo e della temperatura esterna).<\/p>\n<p>Proteggere il vostro bambino significa tenerlo sempre sott\u2019occhio. Un bambino pu\u00f2 affogare in meno di 3 minuti, in 20 cm d\u2019acqua e senza far rumore. I dispositivi di sicurezza non sostituiscono la vigilanza costante e attiva degli adulti.<\/p>\n<p>L\u2019area piscina \u00e9 recintata e chiusa da un cancelletto. Vi preghiamo di fare estremamente attenzione alla chiusura a chiave del cancelletto di entrata. L\u2019area piscina \u00e9 aperta da aprile a ottobre in funzione del meteo.<\/p>\n<p>I minori devono obbligatoriamente essere accompagnati da un adulto.<\/p>\n<p>Prima di accedere all\u2019area piscina, dovete obbligatoriamente fare indossare al vostro bambino i braccioli, un costume da bagno con galleggiante integrato o un salvagente della sua taglia (il materiale utilizzato deve essere conforme alle norme in vigore).<\/p>\n<p>Prima di accedere all\u2019area piscina, dovete obbligatoriamente fare la doccia per evitare il deposito di sabbia nella piscina. Vi preghiamo inoltre di non andare e venire a piedi nudi dalle abitazioni alla piscina e viceversa per questioni di igiene e pulizia.<\/p>\n<p>E vietato correre, tuffarsi, saltare, gridare, mangiare, bere o fumare nell\u2019area piscina.<\/p>\n<p>L\u2019assunzione di alcol, droghe o medicinali pu\u00f2 limitare le capacit\u00e0 psicofisiche e esporre al rischio di annegamento.<\/p>\n<p>La manutenzione della piscina \u00e9 effettuata quotidianamente. Durante quest\u2019operazione \u00e9 vietato fare il bagno.<\/p>\n<p>L\u2019accesso ai locali tecnici dell\u2019area piscina \u00e9 vietato al pubblico.<br \/>\nDopo il bagno, vi preghiamo di raccogliere e mettere in ordine tutti gli oggetti galleggianti in acqua: giochi, salvagenti, oggetti gonfiabili; di spegnere tutte le luci se necessario e chiudere a chiave il cancello della piscina.<\/p>\n<p><strong>Formalit\u00e0 pre-partenza<\/strong><\/p>\n<p>Le abitazioni devono essere liberate entro le 10:00 del sabato mattina.<\/p>\n<p>&#8211; Se non acquistate il servizio di pulizia finale, vi preghiamo di rimettere in ordine l\u2019abitazione: pulizia realizzata totalmente, stoviglie pulite e sistemate negli appositi pensili, elettrodomestici puliti, spazzature svuotate, lenzuola e biancheria da bagno piegate e lasciate nella doccia.<\/p>\n<p>-Se acquistate il servizio di pulizia finale, vi preghiamo comunque di rimettere in ordine le camere e la cucina: stoviglie pulite e sistemate negli appositi pensili, cucina interamente pulita (compresi gli elettrodomestici), spazzature svuotate, lenzuola e biancheria da bagno piegate e lasciate nella doccia.<\/p>\n<p>Aspirapolvere, secchio, straccio per pavimenti e detersivi sono a vostra disposizione nell\u2019abitazione.<\/p>\n<p>Vi preghiamo di sostituire le stoviglie rotte durante il soggiorno.<\/p>\n<p>In caso di danni procurati dalla vostra imprudenza o se l\u2019abitazione non sar\u00e0 considerata in buono stato, sar\u00e0 effettuata una trattenuta sulla vostra cauzione.<\/p>\n<p><strong>Attenzione: Vi ricordiamo che in caso di perdita, furto, danni ad effetti personali all\u2019interno dell\u2019abitazione come all\u2019esterno (giardino, piscina, parcheggio) la direzione \u00e9 esclusa da qualsiasi responsabilit\u00e0.<\/strong><\/p>\n","protected":false},"excerpt":{"rendered":"<p>Regole di vita Vi preghiamo di rispettare le regole di vita della propriet\u00e0 per il vostro comfort e quello dei vostri vicini. L\u2019alloggio \u00e9 concepito per un numero determinato di persone. Le compagnie assicurative ci obbligano, per questioni di sicurezza, &hellip;<\/p>\n<p class=\"read-more\"> <a class=\"more-link\" href=\"https:\/\/leboutdumonde.info\/it\/regolamento-interno\"> <span class=\"screen-reader-text\">Regolamento interno<\/span> Read More &raquo;<\/a><\/p>\n","protected":false},"author":1,"featured_media":0,"parent":0,"menu_order":0,"comment_status":"open","ping_status":"open","template":"","meta":{"footnotes":""},"_links":{"self":[{"href":"https:\/\/leboutdumonde.info\/it\/wp-json\/wp\/v2\/pages\/27"}],"collection":[{"href":"https:\/\/leboutdumonde.info\/it\/wp-json\/wp\/v2\/pages"}],"about":[{"href":"https:\/\/leboutdumonde.info\/it\/wp-json\/wp\/v2\/types\/page"}],"author":[{"embeddable":true,"href":"https:\/\/leboutdumonde.info\/it\/wp-json\/wp\/v2\/users\/1"}],"replies":[{"embeddable":true,"href":"https:\/\/leboutdumonde.info\/it\/wp-json\/wp\/v2\/comments?post=27"}],"version-history":[{"count":5,"href":"https:\/\/leboutdumonde.info\/it\/wp-json\/wp\/v2\/pages\/27\/revisions"}],"predecessor-version":[{"id":482,"href":"https:\/\/leboutdumonde.info\/it\/wp-json\/wp\/v2\/pages\/27\/revisions\/482"}],"wp:attachment":[{"href":"https:\/\/leboutdumonde.info\/it\/wp-json\/wp\/v2\/media?parent=27"}],"curies":[{"name":"wp","href":"https:\/\/api.w.org\/{rel}","templated":true}]}}